{"id":1246,"date":"2020-12-03T15:54:31","date_gmt":"2020-12-03T18:54:31","guid":{"rendered":"https:\/\/dgns-nqn.infd.edu.ar\/sitio\/?page_id=1246"},"modified":"2020-12-29T09:13:58","modified_gmt":"2020-12-29T12:13:58","slug":"avales-2020","status":"publish","type":"page","link":"https:\/\/dgns-nqn.infd.edu.ar\/sitio\/extension_investigacion\/avales-2020\/","title":{"rendered":"Avales 2020"},"content":{"rendered":"<h3 style=\"text-align: center;\"><strong>Normas de Aval 2020<\/strong><\/h3>\n<p>(Para una b\u00fasqueda m\u00e1s r\u00e1pida presione Ctrl + F e ingrese el n\u00famero de Disposici\u00f3n)<\/p>\n<p>A partir de la implementaci\u00f3n del sistema GEDO para emitir documentaci\u00f3n oficial se incorpora la firma digital al final del documento.<\/p>\n<p>El anexo de la Disposici\u00f3n se encuentra disponible como archivo adjunto de manera digital al pdf.<\/p>\n<p>De manera opcional, para constatar que el Anexo publicado en esta p\u00e1gina corresponde al documento original, deben buscar la opci\u00f3n para visualizar archivos adjuntos (generalmente, identificado con un \u00edcono de un clip) en el software que utilicen para abrir pdf (no funciona con Chrome ni Edge, se sugiere utilizar Mozilla Firefox, Acrobat Reader, Foxit Reader o similar).<\/p>\n<p>Para realizar la b\u00fasqueda del documento en el sistema GEDO, pueden dirigirse al sitio web: <a href=\"https:\/\/buscadorgde.neuquen.gov.ar\/gde_gedos\/#\/documentos\">https:\/\/buscadorgde.neuquen.gov.ar\/gde_gedos\/#\/documentos<\/a><\/p>\n<p>&nbsp;<\/p>\n<p><a href=\"https:\/\/dgns-nqn.infd.edu.ar\/sitio\/wp-content\/uploads\/2020\/12\/DI-2020-18-E-NEU-SUPERIORCED-ESBA.pdf\">DI-2020-18-E-NEU-SUPERIOR#CED ESBA<\/a><\/p>\n<p><a href=\"https:\/\/dgns-nqn.infd.edu.ar\/sitio\/wp-content\/uploads\/2020\/12\/DI-2020-18-E-NEU-SUPERIORCED-Anexo-I-ESBA.pdf\">DI-2020-18-E-NEU-SUPERIOR#CED &#8211; Anexo I ESBA<\/a><\/p>\n<p><a href=\"https:\/\/dgns-nqn.infd.edu.ar\/sitio\/wp-content\/uploads\/2020\/12\/DI-2020-29-E-NEU-SUPERIORCED-IFD-14.pdf\">DI-2020-29-E-NEU-SUPERIOR#CED IFD 14<\/a><\/p>\n<p><a href=\"https:\/\/dgns-nqn.infd.edu.ar\/sitio\/wp-content\/uploads\/2020\/12\/DI-2020-29-E-NEU-SUPERIORCED-Anexo-I-IFD-14.pdf\">DI-2020-29-E-NEU-SUPERIOR#CED Anexo I IFD 14<\/a><\/p>\n<p><a href=\"https:\/\/dgns-nqn.infd.edu.ar\/sitio\/wp-content\/uploads\/2020\/12\/DI-2020-48-E-NEU-SUPERIORCED-ISFD-11.pdf\">DI-2020-48-E-NEU-SUPERIOR#CED ISFD 11<\/a><\/p>\n<p><a href=\"https:\/\/dgns-nqn.infd.edu.ar\/sitio\/wp-content\/uploads\/2020\/12\/DI-2020-48-E-NEU-SUPERIORCED-Anexo-I-IFD-11.pdf\">DI-2020-48-E-NEU-SUPERIOR#CED Anexo I IFD 11<\/a><\/p>\n<p><a href=\"https:\/\/dgns-nqn.infd.edu.ar\/sitio\/wp-content\/uploads\/2020\/12\/DI-2020-50-NEU-SUPERIORCED-IPET.pdf\">DI-2020-50-NEU-SUPERIOR#CED IPET<\/a><\/p>\n<p><a href=\"https:\/\/dgns-nqn.infd.edu.ar\/sitio\/wp-content\/uploads\/2020\/12\/DI-2020-50-NEU-SUPERIORCED-Anexo-I-IPET.pdf\">DI-2020-50-NEU-SUPERIOR#CED Anexo I &#8211; IPET<\/a><\/p>\n<p><a href=\"https:\/\/dgns-nqn.infd.edu.ar\/sitio\/wp-content\/uploads\/2020\/12\/DI-2020-55-E-NEU-SUPERIORCED-ESMN.pdf\">DI-2020-55-E-NEU-SUPERIOR#CED &#8211; ESMN<\/a><\/p>\n<p><a href=\"https:\/\/dgns-nqn.infd.edu.ar\/sitio\/wp-content\/uploads\/2020\/12\/DI-2020-55-E-NEU-SUPERIORCED-Anexo-I-ESMN.pdf\">DI-2020-55-E-NEU-SUPERIOR#CED &#8211; Anexo I ESMN<\/a><\/p>\n<p><a href=\"https:\/\/dgns-nqn.infd.edu.ar\/sitio\/wp-content\/uploads\/2020\/12\/DI-2020-66-E-NEU-SUPERIORCED-ISFD-11.pdf\">DI-2020-66-E-NEU-SUPERIOR#CED &#8211; ISFD 11<\/a><\/p>\n<p><a href=\"https:\/\/dgns-nqn.infd.edu.ar\/sitio\/wp-content\/uploads\/2020\/12\/DI-2020-66-E-NEU-SUPERIORCED-Anexo-I-ISFD-11.pdf\">DI-2020-66-E-NEU-SUPERIOR#CED &#8211; Anexo I ISFD 11<\/a><\/p>\n<p><a href=\"https:\/\/dgns-nqn.infd.edu.ar\/sitio\/wp-content\/uploads\/2020\/12\/DI-2020-70-E-NEU-SUPERIORCED-Anexo-I-IPET.pdf\">DI-2020-70-E-NEU-SUPERIOR#CED &#8211; Anexo I IPET<\/a><\/p>\n<p><a href=\"https:\/\/dgns-nqn.infd.edu.ar\/sitio\/wp-content\/uploads\/2020\/12\/DI-2020-70-E-NEU-SUPERIORCED-IPET.pdf\">DI-2020-70-E-NEU-SUPERIOR#CED &#8211; IPET<\/a><\/p>\n<p><a href=\"https:\/\/dgns-nqn.infd.edu.ar\/sitio\/wp-content\/uploads\/2020\/12\/DI-2020-71-E-NEU-SUPERIORCED-IFD-9.pdf\">DI-2020-71-E-NEU-SUPERIOR#CED IFD 9<\/a><\/p>\n<p><a href=\"https:\/\/dgns-nqn.infd.edu.ar\/sitio\/wp-content\/uploads\/2020\/12\/DI-2020-71-E-NEU-SUPERIORCED-Anexo-I-IFD-9-1.pdf\">DI-2020-71-E-NEU-SUPERIOR#CED &#8211; Anexo I IFD 9<\/a><\/p>\n<p><a href=\"https:\/\/dgns-nqn.infd.edu.ar\/sitio\/wp-content\/uploads\/2020\/12\/DI-2020-110-E-NEU-SUPERIORCED-IFD-2.pdf\">DI-2020-110-E-NEU-SUPERIOR#CED IFD 2<\/a><\/p>\n<p><a href=\"https:\/\/dgns-nqn.infd.edu.ar\/sitio\/wp-content\/uploads\/2020\/12\/DI-2020-110-E-NEU-SUPERIORCED-Anexo-I-IFD-2.pdf\">DI-2020-110-E-NEU-SUPERIOR#CED &#8211; Anexo I IFD 2<\/a><\/p>\n<p><a href=\"https:\/\/dgns-nqn.infd.edu.ar\/sitio\/wp-content\/uploads\/2020\/12\/DI-2020-111-E-NEU-SUPERIORCED-IPET-1.pdf\">DI-2020-111-E-NEU-SUPERIOR#CED IPET 1<\/a><\/p>\n<p><a href=\"https:\/\/dgns-nqn.infd.edu.ar\/sitio\/wp-content\/uploads\/2020\/12\/DI-2020-111-E-NEU-SUPERIORCED-Anexo-I-IPET.pdf\">DI-2020-111-E-NEU-SUPERIOR#CED &#8211; Anexo I IPET<\/a><\/p>\n<p><a href=\"https:\/\/dgns-nqn.infd.edu.ar\/sitio\/wp-content\/uploads\/2020\/12\/DI-2020-112-E-NEU-SUPERIORCED-ESMN.pdf\">DI-2020-112-E-NEU-SUPERIOR#CED ESMN<\/a><\/p>\n<p><a href=\"https:\/\/dgns-nqn.infd.edu.ar\/sitio\/wp-content\/uploads\/2020\/12\/DI-2020-112-E-NEU-SUPERIORCED-Anexo-I-ESMN.pdf\">DI-2020-112-E-NEU-SUPERIOR#CED &#8211; Anexo I ESMN<\/a><\/p>\n<p><a href=\"https:\/\/dgns-nqn.infd.edu.ar\/sitio\/wp-content\/uploads\/2020\/12\/DI-2020-120-E-NEU-SUPERIORCED-IFD-3.pdf\">DI-2020-120-E-NEU-SUPERIOR#CED IFD 3<\/a><\/p>\n<p><a href=\"https:\/\/dgns-nqn.infd.edu.ar\/sitio\/wp-content\/uploads\/2020\/12\/DI-2020-120-E-NEU-SUPERIORCED-Anexo-I-IFD-3.pdf\">DI-2020-120-E-NEU-SUPERIOR#CED Anexo I IFD 3<\/a><\/p>\n<p><a href=\"https:\/\/dgns-nqn.infd.edu.ar\/sitio\/wp-content\/uploads\/2020\/12\/DI-2020-124-E-NEU-SUPERIORCED-IFD-4.pdf\">DI-2020-124-E-NEU-SUPERIOR#CED IFD 4<\/a><\/p>\n<p><a href=\"https:\/\/dgns-nqn.infd.edu.ar\/sitio\/wp-content\/uploads\/2020\/12\/DI-2020-124-E-NEU-SUPERIORCED-Anexo-I-IFD-4.pdf\">DI-2020-124-E-NEU-SUPERIOR#CED &#8211; Anexo I IFD 4<\/a><\/p>\n<p><a href=\"https:\/\/dgns-nqn.infd.edu.ar\/sitio\/wp-content\/uploads\/2020\/12\/DI-2020-127-E-NEU-SUPERIORCED-IFD-8.pdf\">DI-2020-127-E-NEU-SUPERIOR#CED IFD 8<\/a><\/p>\n<p><a href=\"https:\/\/dgns-nqn.infd.edu.ar\/sitio\/wp-content\/uploads\/2020\/12\/DI-2020-127-E-NEU-SUPERIORCED-Anexo-I-IFD-8.pdf\">DI-2020-127-E-NEU-SUPERIOR#CED &#8211; Anexo I IFD 8<\/a><\/p>\n<p><a href=\"https:\/\/dgns-nqn.infd.edu.ar\/sitio\/wp-content\/uploads\/2020\/12\/DI-2020-152-NEU-SUPERIORCED-ESMZ-1.pdf\">DI-2020-152-NEU-SUPERIOR#CED ESMZ<\/a><\/p>\n<p><a href=\"https:\/\/dgns-nqn.infd.edu.ar\/sitio\/wp-content\/uploads\/2020\/12\/DI-2020-152-NEU-SUPERIORCED-Anexo-I-ESMZ.pdf\">DI-2020-152-NEU-SUPERIOR#CED Anexo I ESMZ<\/a><\/p>\n<p><a href=\"https:\/\/dgns-nqn.infd.edu.ar\/sitio\/wp-content\/uploads\/2020\/12\/DI-2020-153-NEU-SUPERIORCED-IFD-9.pdf\">DI-2020-153-NEU-SUPERIORD IFD 9<\/a><\/p>\n<p><a href=\"https:\/\/dgns-nqn.infd.edu.ar\/sitio\/wp-content\/uploads\/2020\/12\/DI-2020-153-NEU-SUPERIORCED-Anexo-I-IFD-9.pdf\">DI-2020-153-NEU-SUPERIORD &#8211; Anexo I IFD 9<\/a><\/p>\n<p><a href=\"https:\/\/dgns-nqn.infd.edu.ar\/sitio\/wp-content\/uploads\/2020\/12\/DI-2020-169-NEU-SUPERIORCED-IFD-4.pdf\">DI-2020-169-NEU-SUPERIOR#CED IFD 4<\/a><\/p>\n<p><a href=\"https:\/\/dgns-nqn.infd.edu.ar\/sitio\/wp-content\/uploads\/2020\/12\/DI-2020-169-NEU-SUPERIORCED-Anexo-I-IFD-4-.pdf\">DI-2020-169-NEU-SUPERIOR#CED Anexo I IFD 4<\/a><\/p>\n<p><a href=\"https:\/\/dgns-nqn.infd.edu.ar\/sitio\/wp-content\/uploads\/2020\/12\/DI-2020-170-NEU-SUPERIORCED-IFD-14.pdf\">DI-2020-170-NEU-SUPERIOR#CED IFD 14<\/a><\/p>\n<p><a href=\"https:\/\/dgns-nqn.infd.edu.ar\/sitio\/wp-content\/uploads\/2020\/12\/DI-2020-170-NEU-SUPERIORCED-Anexo-I-IFD-14.pdf\">DI-2020-170-NEU-SUPERIOR#CED Anexo I IFD 14<\/a><\/p>\n<p><a href=\"https:\/\/dgns-nqn.infd.edu.ar\/sitio\/wp-content\/uploads\/2020\/12\/DI-2020-175-NEU-SUPERIORCED-IPET.pdf\">DI-2020-175-NEU-SUPERIOR#CED IPET<\/a><\/p>\n<p><a href=\"https:\/\/dgns-nqn.infd.edu.ar\/sitio\/wp-content\/uploads\/2020\/12\/DI-2020-175-NEU-SUPERIORCED-IPET-Anexo-I.pdf\">DI-2020-175-NEU-SUPERIOR#CED IPET Anexo I<\/a><\/p>\n<p><a href=\"https:\/\/dgns-nqn.infd.edu.ar\/sitio\/wp-content\/uploads\/2020\/12\/DI-2020-176-NEU-SUPERIORCED-IFD-5.pdf\">DI-2020-176-NEU-SUPERIOR#CED IFD 5<\/a><\/p>\n<p><a href=\"https:\/\/dgns-nqn.infd.edu.ar\/sitio\/wp-content\/uploads\/2020\/12\/DI-2020-176-NEU-SUPERIORCED-IFD-5-Anexo-I.pdf\">DI-2020-176-NEU-SUPERIOR#CED IFD 5 Anexo I<\/a><\/p>\n<p><a href=\"https:\/\/dgns-nqn.infd.edu.ar\/sitio\/wp-content\/uploads\/2020\/12\/DI-2020-178-NEU-SUPERIORCED-IFD-7.pdf\">DI-2020-178-NEU-SUPERIOR#CED IFD 7<\/a><\/p>\n<p><a href=\"https:\/\/dgns-nqn.infd.edu.ar\/sitio\/wp-content\/uploads\/2020\/12\/DI-2020-178-NEU-SUPERIORCED-Anexo-I-IFD-7.pdf\">DI-2020-178-NEU-SUPERIOR#CED Anexo I IFD 7<\/a><\/p>\n<p><a href=\"https:\/\/dgns-nqn.infd.edu.ar\/sitio\/wp-content\/uploads\/2020\/12\/DI-2020-205-NEU-SUPERIORCED-ESMN.pdf\">DI-2020-205-NEU-SUPERIOR#CED ESMN<\/a><\/p>\n<p><a href=\"https:\/\/dgns-nqn.infd.edu.ar\/sitio\/wp-content\/uploads\/2020\/12\/DI-2020-205-NEU-SUPERIORCED-ESMN-Anexo-I.pdf\">DI-2020-205-NEU-SUPERIOR#CED ESMN Anexo I<\/a><\/p>\n<p><a href=\"https:\/\/dgns-nqn.infd.edu.ar\/sitio\/wp-content\/uploads\/2020\/12\/DI-2020-207-NEU-SUPERIORCED-IFD-13.pdf\">DI-2020-207-NEU-SUPERIORD IFD 13<\/a><\/p>\n<p><a href=\"https:\/\/dgns-nqn.infd.edu.ar\/sitio\/wp-content\/uploads\/2020\/12\/DI-2020-207-NEU-SUPERIORCED-IFD-13-Anexo-I.pdf\">DI-2020-207-NEU-SUPERIORD IFD 13 Anexo I<\/a><\/p>\n<p><a href=\"https:\/\/dgns-nqn.infd.edu.ar\/sitio\/wp-content\/uploads\/2020\/12\/DI-2020-224-NEU-SUPERIORCED-ISFD-15.pdf\">DI-2020-224-NEU-SUPERIOR#CED ISFD 15<\/a><\/p>\n<p><a href=\"https:\/\/dgns-nqn.infd.edu.ar\/sitio\/wp-content\/uploads\/2020\/12\/DI-2020-224-NEU-SUPERIORCED-Anexo-I-ISFD-15.pdf\">DI-2020-224-NEU-SUPERIOR#CED Anexo I ISFD 15<\/a><\/p>\n<p><a href=\"https:\/\/dgns-nqn.infd.edu.ar\/sitio\/wp-content\/uploads\/2020\/12\/DI-2020-267-NEU-SUPERIORCED-IFD-9.pdf\">DI-2020-267-NEU-SUPERIOR#CED IFD 9<\/a><\/p>\n<p><a href=\"https:\/\/dgns-nqn.infd.edu.ar\/sitio\/wp-content\/uploads\/2020\/12\/DI-2020-267-NEU-SUPERIORCED-IFD-9-Anexo-I.pdf\">DI-2020-267-NEU-SUPERIOR#CED IFD 9 Anexo I<\/a><\/p>\n<p><a href=\"https:\/\/dgns-nqn.infd.edu.ar\/sitio\/wp-content\/uploads\/2020\/12\/DI-2020-270-NEU-SUPERIORCED-ISFD-6.pdf\">DI-2020-270-NEU-SUPERIOR#CED ISFD 6<\/a><\/p>\n<p><a href=\"https:\/\/dgns-nqn.infd.edu.ar\/sitio\/wp-content\/uploads\/2020\/12\/DI-2020-270-NEU-SUPERIORCED-Anexo-I-ISFD-6.pdf\">DI-2020-270-NEU-SUPERIOR#CED Anexo I ISFD 6<\/a><\/p>\n<p><a href=\"https:\/\/dgns-nqn.infd.edu.ar\/sitio\/wp-content\/uploads\/2020\/12\/DI-2020-272-NEU-SUPERIORCED-ESBA.pdf\">DI-2020-272-NEU-SUPERIOR#CED ESBA<\/a><\/p>\n<p><a href=\"https:\/\/dgns-nqn.infd.edu.ar\/sitio\/wp-content\/uploads\/2020\/12\/DI-2020-272-NEU-SUPERIORCED-ESBA-Anexo-I-ESBA.pdf\">DI-2020-272-NEU-SUPERIOR#CED ESBA Anexo I ESBA<\/a><\/p>\n<p><a href=\"https:\/\/dgns-nqn.infd.edu.ar\/sitio\/wp-content\/uploads\/2020\/12\/DI-2020-273-NEU-SUPERIORCED-IFD-7.pdf\">DI-2020-273-NEU-SUPERIOR#CED IFD 7<\/a><\/p>\n<p><a href=\"https:\/\/dgns-nqn.infd.edu.ar\/sitio\/wp-content\/uploads\/2020\/12\/DI-2020-273-NEU-SUPERIORCED-Anexo-I-IFD-7.pdf\">DI-2020-273-NEU-SUPERIOR#CED Anexo I IFD 7<\/a><\/p>\n<p><a href=\"https:\/\/dgns-nqn.infd.edu.ar\/sitio\/wp-content\/uploads\/2020\/12\/DI-2020-277-NEU-SUPERIORCED-IFD-14.pdf\">DI-2020-277-NEU-SUPERIOR#CED IFD 14<\/a><\/p>\n<p><a href=\"https:\/\/dgns-nqn.infd.edu.ar\/sitio\/wp-content\/uploads\/2020\/12\/DI-2020-277-NEU-SUPERIORCED-Anexo-I-IFD-14.pdf\">DI-2020-277-NEU-SUPERIOR#CED Anexo I IFD 14<\/a><\/p>\n<p><a href=\"https:\/\/dgns-nqn.infd.edu.ar\/sitio\/wp-content\/uploads\/2020\/12\/DI-2020-278-NEU-SUPERIORCED-ISFD-11.pdf\">DI-2020-278-NEU-SUPERIOR#CED ISFD 11<\/a><\/p>\n<p><a href=\"https:\/\/dgns-nqn.infd.edu.ar\/sitio\/wp-content\/uploads\/2020\/12\/DI-2020-278-NEU-SUPERIORCED-Anexo-I-ISFD-11.pdf\">DI-2020-278-NEU-SUPERIOR#CED Anexo I ISFD 11<\/a><\/p>\n<p><a href=\"https:\/\/dgns-nqn.infd.edu.ar\/sitio\/wp-content\/uploads\/2020\/12\/DI-2020-280-NEU-SUPERIORCED-Rectificar-ESMN.pdf\">DI-2020-280-NEU-SUPERIORD Rectificar ESMN<\/a><\/p>\n<p><a href=\"https:\/\/dgns-nqn.infd.edu.ar\/sitio\/wp-content\/uploads\/2020\/12\/DI-2020-282-NEU-SUPERIORCED-IFD-12.pdf\">DI-2020-282-NEU-SUPERIOR#CED IFD 12<\/a><\/p>\n<p><a href=\"https:\/\/dgns-nqn.infd.edu.ar\/sitio\/wp-content\/uploads\/2020\/12\/DI-2020-282-NEU-SUPERIORCED-Anexo-I-IFD-12.pdf\">DI-2020-282-NEU-SUPERIOR#CED Anexo I IFD 12<\/a><\/p>\n<p><a href=\"https:\/\/dgns-nqn.infd.edu.ar\/sitio\/wp-content\/uploads\/2020\/12\/DI-2020-283-NEU-SUPERIORCED-ISFD-6.pdf\">DI-2020-283-NEU-SUPERIOR#CED ISFD 6<\/a><\/p>\n<p><a href=\"https:\/\/dgns-nqn.infd.edu.ar\/sitio\/wp-content\/uploads\/2020\/12\/DI-2020-283-NEU-SUPERIORCED-Anexo-I-ISFD-6.pdf\">DI-2020-283-NEU-SUPERIOR#CED Anexo I ISFD 6<\/a><\/p>\n<p><a href=\"https:\/\/dgns-nqn.infd.edu.ar\/sitio\/wp-content\/uploads\/2020\/12\/DI-2020-284-NEU-SUPERIORCED-IFD-4.pdf\">DI-2020-284-NEU-SUPERIOR#CED IFD 4<\/a><\/p>\n<p><a href=\"https:\/\/dgns-nqn.infd.edu.ar\/sitio\/wp-content\/uploads\/2020\/12\/DI-2020-284-NEU-SUPERIORCED-Anexo-I-IFD-4.pdf\">DI-2020-284-NEU-SUPERIOR#CED Anexo I &#8211; IFD 4<\/a><\/p>\n<p><a href=\"https:\/\/dgns-nqn.infd.edu.ar\/sitio\/wp-content\/uploads\/2020\/12\/DI-2020-285-NEU-SUPERIORCED-IPET-1.pdf\">DI-2020-285-NEU-SUPERIOR#CED IPET 1<\/a><\/p>\n<p><a href=\"https:\/\/dgns-nqn.infd.edu.ar\/sitio\/wp-content\/uploads\/2020\/12\/DI-2020-286-NEU-SUPERIORCED-IFD-13.pdf\">DI-2020-286-NEU-SUPERIOR#CED IFD 13<\/a><\/p>\n<p><a href=\"https:\/\/dgns-nqn.infd.edu.ar\/sitio\/wp-content\/uploads\/2020\/12\/DI-2020-286-NEU-SUPERIORCED-Anexo-I-IFD-13.pdf\">DI-2020-286-NEU-SUPERIOR#CED Anexo I IFD 13<\/a><\/p>\n<p><a href=\"https:\/\/dgns-nqn.infd.edu.ar\/sitio\/wp-content\/uploads\/2020\/12\/DI-2020-287-NEU-SUPERIORCED-IFD-7.pdf\">DI-2020-287-NEU-SUPERIOR#CED IFD 7<\/a><\/p>\n<p><a href=\"https:\/\/dgns-nqn.infd.edu.ar\/sitio\/wp-content\/uploads\/2020\/12\/DI-2020-287-NEU-SUPERIORCED-Anexo-I-IFD-7.pdf\">DI-2020-287-NEU-SUPERIOR#CED Anexo I &#8211; IFD 7<\/a><\/p>\n<p><a href=\"https:\/\/dgns-nqn.infd.edu.ar\/sitio\/wp-content\/uploads\/2020\/12\/DI-2020-288-NEU-SUPERIORCED-IFD-2.pdf\">DI-2020-288-NEU-SUPERIOR#CED IFD 2<\/a><\/p>\n<p><a href=\"https:\/\/dgns-nqn.infd.edu.ar\/sitio\/wp-content\/uploads\/2020\/12\/DI-2020-288-NEU-SUPERIORCED_IFD_2_Anexo_I.pdf\">DI-2020-288-NEU-SUPERIOR#CED_IFD_2_Anexo_I<\/a><\/p>\n<p><a href=\"https:\/\/dgns-nqn.infd.edu.ar\/sitio\/wp-content\/uploads\/2020\/12\/DI-2020-292-NEU-SUPERIORCED-ESMCHM.pdf\">DI-2020-292-NEU-SUPERIOR#CED ESMCHM<\/a><\/p>\n<p><a href=\"https:\/\/dgns-nqn.infd.edu.ar\/sitio\/wp-content\/uploads\/2020\/12\/DI-2020-292-NEU-SUPERIORCED-ESMCHM-Anexo-I.pdf\">DI-2020-292-NEU-SUPERIOR#CED ESMCHM Anexo I<\/a><\/p>\n<p><a href=\"https:\/\/dgns-nqn.infd.edu.ar\/sitio\/wp-content\/uploads\/2020\/12\/DI-2020-297-NEU-SUPERIORCED-ESMZ.pdf\">DI-2020-297-NEU-SUPERIORD ESMZ<\/a><\/p>\n<p><a href=\"https:\/\/dgns-nqn.infd.edu.ar\/sitio\/wp-content\/uploads\/2020\/12\/DI-2020-297-NEU-SUPERIORCED-Anexo-I-ESMZ.pdf\">DI-2020-297-NEU-SUPERIORD Anexo I &#8211; ESMZ<\/a><\/p>\n<p><a href=\"https:\/\/dgns-nqn.infd.edu.ar\/sitio\/wp-content\/uploads\/2020\/12\/DI-2020-298-NEU-SUPERIORCED-ISFD-11.pdf\">DI-2020-298-NEU-SUPERIORD ISFD 11<\/a><\/p>\n<p><a href=\"https:\/\/dgns-nqn.infd.edu.ar\/sitio\/wp-content\/uploads\/2020\/12\/DI-2020-298-NEU-SUPERIORCED-Anexo-I-ISFD-11.pdf\">DI-2020-298-NEU-SUPERIORD Anexo I &#8211; ISFD 11<\/a><\/p>\n<p><a href=\"https:\/\/dgns-nqn.infd.edu.ar\/sitio\/wp-content\/uploads\/2020\/12\/DI-2020-299-NEU-SUPERIORCED-ISFD-15.pdf\">DI-2020-299-NEU-SUPERIOR#CED ISFD 15<\/a><\/p>\n<p><a href=\"https:\/\/dgns-nqn.infd.edu.ar\/sitio\/wp-content\/uploads\/2020\/12\/DI-2020-299-NEU-SUPERIORCED-Anexo-I-ISFD-15.pdf\">DI-2020-299-NEU-SUPERIOR#CED Anexo I &#8211; ISFD 15<\/a><\/p>\n<p><a href=\"https:\/\/dgns-nqn.infd.edu.ar\/sitio\/wp-content\/uploads\/2020\/12\/DI-2020-300-NEU-SUPERIORCED-IFD-10.pdf\">DI-2020-300-NEU-SUPERIOR#CED IFD 10<\/a><\/p>\n<p><a href=\"https:\/\/dgns-nqn.infd.edu.ar\/sitio\/wp-content\/uploads\/2020\/12\/DI-2020-300-NEU-SUPERIORCED-Anexo-I-IFD-10.pdf\">DI-2020-300-NEU-SUPERIOR#CED Anexo I &#8211; IFD 10<\/a><\/p>\n<p><a href=\"https:\/\/dgns-nqn.infd.edu.ar\/sitio\/wp-content\/uploads\/2020\/12\/DI-2020-301-NEU-SUPERIORCED-ISFD-6.pdf\">DI-2020-301-NEU-SUPERIOR#CED ISFD 6<\/a><\/p>\n<p><a href=\"https:\/\/dgns-nqn.infd.edu.ar\/sitio\/wp-content\/uploads\/2020\/12\/DI-2020-301-NEU-SUPERIORCED-Anexo-I-ISFD-6.pdf\">DI-2020-301-NEU-SUPERIOR#CED Anexo I &#8211; ISFD 6<\/a><\/p>\n<p><a href=\"https:\/\/dgns-nqn.infd.edu.ar\/sitio\/wp-content\/uploads\/2020\/12\/DI-2020-303-NEU-SUPERIORCED-IFD-3.pdf\">DI-2020-303-NEU-SUPERIOR#CED IFD 3<\/a><\/p>\n<p><a href=\"https:\/\/dgns-nqn.infd.edu.ar\/sitio\/wp-content\/uploads\/2020\/12\/DI-2020-303-NEU-SUPERIORCED-Anexo-I-IFD-3.pdf\">DI-2020-303-NEU-SUPERIOR#CED Anexo I &#8211; IFD 3<\/a><\/p>\n","protected":false},"excerpt":{"rendered":"<p>Normas de Aval 2020 (Para una b\u00fasqueda m\u00e1s r\u00e1pida presione Ctrl + F e ingrese el n\u00famero de Disposici\u00f3n) A partir de la implementaci\u00f3n del sistema GEDO para emitir documentaci\u00f3n oficial se incorpora la firma digital al final del documento. El anexo de la Disposici\u00f3n se encuentra disponible como archivo adjunto de manera digital al &#8230; <a title=\"Avales 2020\" class=\"read-more\" href=\"https:\/\/dgns-nqn.infd.edu.ar\/sitio\/extension_investigacion\/avales-2020\/\" aria-label=\"More on Avales 2020\">[+]<\/a><\/p>\n","protected":false},"author":90,"featured_media":0,"parent":979,"menu_order":0,"comment_status":"closed","ping_status":"closed","template":"","meta":[],"acf":[],"_links":{"self":[{"href":"https:\/\/dgns-nqn.infd.edu.ar\/sitio\/wp-json\/wp\/v2\/pages\/1246"}],"collection":[{"href":"https:\/\/dgns-nqn.infd.edu.ar\/sitio\/wp-json\/wp\/v2\/pages"}],"about":[{"href":"https:\/\/dgns-nqn.infd.edu.ar\/sitio\/wp-json\/wp\/v2\/types\/page"}],"author":[{"embeddable":true,"href":"https:\/\/dgns-nqn.infd.edu.ar\/sitio\/wp-json\/wp\/v2\/users\/90"}],"replies":[{"embeddable":true,"href":"https:\/\/dgns-nqn.infd.edu.ar\/sitio\/wp-json\/wp\/v2\/comments?post=1246"}],"version-history":[{"count":10,"href":"https:\/\/dgns-nqn.infd.edu.ar\/sitio\/wp-json\/wp\/v2\/pages\/1246\/revisions"}],"predecessor-version":[{"id":1402,"href":"https:\/\/dgns-nqn.infd.edu.ar\/sitio\/wp-json\/wp\/v2\/pages\/1246\/revisions\/1402"}],"up":[{"embeddable":true,"href":"https:\/\/dgns-nqn.infd.edu.ar\/sitio\/wp-json\/wp\/v2\/pages\/979"}],"wp:attachment":[{"href":"https:\/\/dgns-nqn.infd.edu.ar\/sitio\/wp-json\/wp\/v2\/media?parent=1246"}],"curies":[{"name":"wp","href":"https:\/\/api.w.org\/{rel}","templated":true}]}}