{"id":1154,"date":"2019-07-11T13:20:22","date_gmt":"2019-07-11T16:20:22","guid":{"rendered":"https:\/\/dgns-nqn.infd.edu.ar\/sitio\/?page_id=1154"},"modified":"2021-06-26T11:12:51","modified_gmt":"2021-06-26T14:12:51","slug":"avales-2019","status":"publish","type":"page","link":"https:\/\/dgns-nqn.infd.edu.ar\/sitio\/extension_investigacion\/avales-2019\/","title":{"rendered":"Avales 2019"},"content":{"rendered":"<p style=\"text-align: center;\"><strong>Notas de Aval 2019<\/strong><\/p>\n<p>(Para una b\u00fasqueda m\u00e1s r\u00e1pida presione Ctrl + F e ingrese el n\u00famero de nota)<\/p>\n<p><a href=\"https:\/\/dgns-nqn.infd.edu.ar\/sitio\/wp-content\/uploads\/2019\/07\/Nota-206-19-Aval-Extn-IFD6-1-3-19.pdf\">Nota 206-19 Aval Extn IFD6 1-3-19<\/a><\/p>\n<p><a href=\"https:\/\/dgns-nqn.infd.edu.ar\/sitio\/wp-content\/uploads\/2019\/07\/AVAL-0014-Extn-IFD8-10-01-19-RECTIFICA-1771-17.pdf\">AVAL 0014 Extn IFD8 10-01-19 RECTIFICA 1771-17<\/a><\/p>\n<p><a href=\"https:\/\/dgns-nqn.infd.edu.ar\/sitio\/wp-content\/uploads\/2019\/07\/Disposici\u00f3n-004-2019-Aval-Extensi\u00f3n-IFD9-04-02-19.pdf\">Disposici\u00f3n 004-2019 Aval Extensi\u00f3n IFD9 04-02-19<\/a><\/p>\n<p><a href=\"https:\/\/dgns-nqn.infd.edu.ar\/sitio\/wp-content\/uploads\/2019\/07\/Disposici\u00f3n-005-2019-Aval-Extensi\u00f3n-IFD6-08-02-2019.pdf\">Disposici\u00f3n 005-2019 Aval Extensi\u00f3n IFD6 08-02-2019<\/a><\/p>\n<p><a href=\"https:\/\/dgns-nqn.infd.edu.ar\/sitio\/wp-content\/uploads\/2019\/07\/Disposici\u00f3n-009-2019-Aval-Investigaci\u00f3n-IFD6-20-02-19.pdf\">Disposici\u00f3n 009-2019 Aval Investigaci\u00f3n IFD6 20-02-19<\/a><\/p>\n<p><a href=\"https:\/\/dgns-nqn.infd.edu.ar\/sitio\/wp-content\/uploads\/2019\/07\/Disposici\u00f3n-010-2019-Aval-Extensi\u00f3n-ESBA.pdf\">Disposici\u00f3n 010-2019 Aval Extensi\u00f3n ESBA<\/a><\/p>\n<p><a href=\"https:\/\/dgns-nqn.infd.edu.ar\/sitio\/wp-content\/uploads\/2019\/07\/Disposici\u00f3n-026-2019-Aval-Extensi\u00f3n-ESMN.pdf\">Disposici\u00f3n 026-2019 Aval Extensi\u00f3n ESMN<\/a><\/p>\n<p><a href=\"https:\/\/dgns-nqn.infd.edu.ar\/sitio\/wp-content\/uploads\/2019\/07\/Disposici\u00f3n-044-2019-Aval-Extensi\u00f3n-IFD14-22-03-19.pdf\">Disposici\u00f3n 044-2019 Aval Extensi\u00f3n IFD14 22-03-19<\/a><\/p>\n<p><a href=\"https:\/\/dgns-nqn.infd.edu.ar\/sitio\/wp-content\/uploads\/2019\/07\/Disposici\u00f3n-049-2019-Aval-Extensi\u00f3n-IFD12.pdf\">Disposici\u00f3n 049-2019 Aval Extensi\u00f3n IFD12<\/a><\/p>\n<p><a href=\"https:\/\/dgns-nqn.infd.edu.ar\/sitio\/wp-content\/uploads\/2019\/07\/Disposici\u00f3n-056-2019-Aval-Extensi\u00f3n-IFD15.pdf\">Disposici\u00f3n 056-2019 Aval Extensi\u00f3n IFD15 <\/a>(rectificada por Disp. 214\/19)<\/p>\n<p><a href=\"https:\/\/dgns-nqn.infd.edu.ar\/sitio\/wp-content\/uploads\/2019\/07\/Disposici\u00f3n-068-2019-Aval-Extensi\u00f3n-Insterinstitucional.pdf\">Disposici\u00f3n 068-2019 Aval Extensi\u00f3n Insterinstitucional<\/a><\/p>\n<p><a href=\"https:\/\/dgns-nqn.infd.edu.ar\/sitio\/wp-content\/uploads\/2019\/07\/Disposici\u00f3n-126-2019-Aval-Extensi\u00f3n-IFD12.pdf\">Disposici\u00f3n 126-2019 Aval Extensi\u00f3n IFD12<\/a><\/p>\n<p><a href=\"https:\/\/dgns-nqn.infd.edu.ar\/sitio\/wp-content\/uploads\/2019\/07\/Disposici\u00f3n-159-2019-Aval-Extensi\u00f3n-IFD7.pdf\">Disposici\u00f3n 159-2019 Aval Extensi\u00f3n IFD7<\/a><\/p>\n<p><a href=\"https:\/\/dgns-nqn.infd.edu.ar\/sitio\/wp-content\/uploads\/2019\/07\/Disposici\u00f3n-167-2019-Aval-Extensi\u00f3n-IFD3.pdf\">Disposici\u00f3n 167-2019 Aval Extensi\u00f3n IFD3<\/a><\/p>\n<p><a href=\"https:\/\/dgns-nqn.infd.edu.ar\/sitio\/wp-content\/uploads\/2019\/07\/Disposici\u00f3n-170-2019-Aval-Extensi\u00f3n-IFD10.pdf\">Disposici\u00f3n 170-2019 Aval Extensi\u00f3n IFD10<\/a><\/p>\n<p><a href=\"https:\/\/dgns-nqn.infd.edu.ar\/sitio\/wp-content\/uploads\/2019\/07\/Disposici\u00f3n-173-2019-Aval-Extensi\u00f3n-IFD2.pdf\">Disposici\u00f3n 173-2019 Aval Extensi\u00f3n IFD2<\/a><\/p>\n<p><a href=\"https:\/\/dgns-nqn.infd.edu.ar\/sitio\/wp-content\/uploads\/2019\/07\/Disposici\u00f3n-177-2019-Aval-Extensi\u00f3n-IFD6.pdf\">Disposici\u00f3n 177-2019 Aval Extensi\u00f3n IFD6<\/a><\/p>\n<p><a href=\"https:\/\/dgns-nqn.infd.edu.ar\/sitio\/wp-content\/uploads\/2019\/07\/Disposici\u00f3n-189-2019-Aval-Extensi\u00f3n-Esc-Danzas-Contemp.pdf\">Disposici\u00f3n 189-2019 Aval Extensi\u00f3n Esc Danzas Contemp<\/a><\/p>\n<p><a href=\"https:\/\/dgns-nqn.infd.edu.ar\/sitio\/wp-content\/uploads\/2019\/07\/Disposici\u00f3n-190-2019-Aval-Extensi\u00f3n-IFD3.pdf\">Disposici\u00f3n 190-2019 Aval Extensi\u00f3n IFD3<\/a><\/p>\n<p><a href=\"https:\/\/dgns-nqn.infd.edu.ar\/sitio\/wp-content\/uploads\/2019\/07\/Disposici\u00f3n-194-2019-Aval-Extensi\u00f3n-IFD14.pdf\">Disposici\u00f3n 194-2019 Aval Extensi\u00f3n IFD14<\/a><\/p>\n<p><a href=\"https:\/\/dgns-nqn.infd.edu.ar\/sitio\/wp-content\/uploads\/2019\/07\/Disposici\u00f3n-195-2019-Aval-Extensi\u00f3n-ESBA.pdf\">Disposici\u00f3n 195-2019 Aval Extensi\u00f3n ESBA<\/a><\/p>\n<p><a href=\"https:\/\/dgns-nqn.infd.edu.ar\/sitio\/wp-content\/uploads\/2019\/07\/Disposici\u00f3n-197-2019-Aval-Extensi\u00f3n-IFD9.pdf\">Disposici\u00f3n 197-2019 Aval Extensi\u00f3n IFD9<\/a><\/p>\n<p><a href=\"https:\/\/dgns-nqn.infd.edu.ar\/sitio\/wp-content\/uploads\/2019\/07\/Disposici\u00f3n-212-2019-Aval-Extensi\u00f3n-IFD2.pdf\">Disposici\u00f3n 212-2019 Aval Extensi\u00f3n IFD2<\/a><\/p>\n<p><a href=\"https:\/\/dgns-nqn.infd.edu.ar\/sitio\/wp-content\/uploads\/2019\/07\/Disposici\u00f3n-214-2019-Aval-Extensi\u00f3n-IFD15.pdf\">Disposici\u00f3n 214-2019 Aval Extensi\u00f3n IFD15<\/a><\/p>\n<p><a href=\"https:\/\/dgns-nqn.infd.edu.ar\/sitio\/wp-content\/uploads\/2019\/12\/Disposici\u00f3n-242-2019-Aval-Extensi\u00f3n-ESMN.pdf\">Disposici\u00f3n 242-2019 Aval Extensi\u00f3n ESMN<\/a><\/p>\n<p><a href=\"https:\/\/dgns-nqn.infd.edu.ar\/sitio\/wp-content\/uploads\/2019\/12\/Disposici\u00f3n-342-2019-Aval-Extensi\u00f3n-IFD12.pdf\">Disposici\u00f3n 342-2019 Aval Extensi\u00f3n IFD12<\/a><\/p>\n<p><a href=\"https:\/\/dgns-nqn.infd.edu.ar\/sitio\/wp-content\/uploads\/2019\/12\/Disposici\u00f3n-346-2019-Aval-Extensi\u00f3n-IFD7.pdf\">Disposici\u00f3n 346-2019 Aval Extensi\u00f3n IFD7<\/a><\/p>\n<p><a href=\"https:\/\/dgns-nqn.infd.edu.ar\/sitio\/wp-content\/uploads\/2019\/12\/Disposici\u00f3n-376-2019-Aval-Extensi\u00f3n-IFD9.pdf\">Disposici\u00f3n 376-2019 Aval Extensi\u00f3n IFD9<\/a><\/p>\n<p><a href=\"https:\/\/dgns-nqn.infd.edu.ar\/sitio\/wp-content\/uploads\/2019\/12\/Disposici\u00f3n-432-2019-Aval-Extensi\u00f3n-IFD13.pdf\">Disposici\u00f3n 432-2019 Aval Extensi\u00f3n IFD13<\/a><\/p>\n<p><a href=\"https:\/\/dgns-nqn.infd.edu.ar\/sitio\/wp-content\/uploads\/2019\/12\/Disposici\u00f3n-442-2019-Aval-Extensi\u00f3n-IFD6.pdf\">Disposici\u00f3n 442-2019 Aval Extensi\u00f3n IFD6<\/a><\/p>\n<p><a href=\"https:\/\/dgns-nqn.infd.edu.ar\/sitio\/wp-content\/uploads\/2019\/12\/Disposici\u00f3n-449-2019-Aval-Extensi\u00f3n-Co-Formaci\u00f3n-IFD6.pdf\">Disposici\u00f3n 449-2019 Aval Extensi\u00f3n Co-Formaci\u00f3n IFD6<\/a><\/p>\n<p><a href=\"https:\/\/dgns-nqn.infd.edu.ar\/sitio\/wp-content\/uploads\/2019\/12\/Disposici\u00f3n-483-2019-Aval-Extensi\u00f3n-IFD14.pdf\">Disposici\u00f3n 483-2019 Aval Extensi\u00f3n IFD14<\/a><\/p>\n<p><a href=\"https:\/\/dgns-nqn.infd.edu.ar\/sitio\/wp-content\/uploads\/2019\/12\/Disposici\u00f3n-485-2019-Aval-Extensi\u00f3n-IFD3.pdf\">Disposici\u00f3n 485-2019 Aval Extensi\u00f3n IFD3<\/a><\/p>\n<p><a href=\"https:\/\/dgns-nqn.infd.edu.ar\/sitio\/wp-content\/uploads\/2019\/12\/Disposici\u00f3n-519-2019-Aval-Extensi\u00f3n-IFD10.pdf\">Disposici\u00f3n 519-2019 Aval Extensi\u00f3n IFD10<\/a><\/p>\n<p><a href=\"https:\/\/dgns-nqn.infd.edu.ar\/sitio\/wp-content\/uploads\/2019\/12\/Disposici\u00f3n-520-2019-Aval-Extensi\u00f3n-IFD14.pdf\">Disposici\u00f3n 520-2019 Aval Extensi\u00f3n IFD14<\/a><\/p>\n<p><a href=\"https:\/\/dgns-nqn.infd.edu.ar\/sitio\/wp-content\/uploads\/2019\/12\/Disposici\u00f3n-523-2019-Aval-Extensi\u00f3n-IFD7.pdf\">Disposici\u00f3n 523-2019 Aval Extensi\u00f3n IFD7<\/a><\/p>\n<p><a href=\"https:\/\/dgns-nqn.infd.edu.ar\/sitio\/wp-content\/uploads\/2019\/12\/Disposici\u00f3n-524-2019-Aval-Extensi\u00f3n-IFD9.pdf\">Disposici\u00f3n 524-2019 Aval Extensi\u00f3n IFD9<\/a><\/p>\n<p><a href=\"https:\/\/dgns-nqn.infd.edu.ar\/sitio\/wp-content\/uploads\/2019\/12\/Disposici\u00f3n-528-2019-Aval-Extensi\u00f3n-IFD8.pdf\">Disposici\u00f3n 528-2019 Aval Extensi\u00f3n IFD8<\/a><\/p>\n<p><a href=\"https:\/\/dgns-nqn.infd.edu.ar\/sitio\/wp-content\/uploads\/2019\/12\/Disposici\u00f3n-531-2019-Aval-Extensi\u00f3n-ESMN.pdf\">Disposici\u00f3n 531-2019 Aval Extensi\u00f3n ESMN<\/a><\/p>\n<p><a href=\"https:\/\/dgns-nqn.infd.edu.ar\/sitio\/wp-content\/uploads\/2019\/12\/Disposici\u00f3n-532-2019-Aval-Extensi\u00f3n-IPET.pdf\">Disposici\u00f3n 532-2019 Aval Extensi\u00f3n IPET<\/a><\/p>\n<p><a href=\"https:\/\/dgns-nqn.infd.edu.ar\/sitio\/wp-content\/uploads\/2019\/12\/Disposici\u00f3n-536-2019-Aval-Extensi\u00f3n-IFD13.pdf\">Disposici\u00f3n 536-2019 Aval Extensi\u00f3n IFD13<\/a><\/p>\n<p><a href=\"https:\/\/dgns-nqn.infd.edu.ar\/sitio\/wp-content\/uploads\/2019\/12\/Disposici\u00f3n-543-2019-Aval-Extensi\u00f3n-Co-Formaci\u00f3n-IFD12.pdf\">Disposici\u00f3n 543-2019 Aval Extensi\u00f3n Co-Formaci\u00f3n IFD12<\/a><\/p>\n<p><a href=\"https:\/\/dgns-nqn.infd.edu.ar\/sitio\/wp-content\/uploads\/2019\/12\/Disposici\u00f3n-544-2019-Aval-Extensi\u00f3n-IFD12.pdf\">Disposici\u00f3n 544-2019 Aval Extensi\u00f3n IFD12<\/a><\/p>\n<p><a href=\"https:\/\/dgns-nqn.infd.edu.ar\/sitio\/wp-content\/uploads\/2019\/12\/Disposici\u00f3n-610-2019-Aval-Extensi\u00f3n-ESMCH.pdf\">Disposici\u00f3n 610-2019 Aval Extensi\u00f3n ESMCH<\/a><\/p>\n<p><a href=\"https:\/\/dgns-nqn.infd.edu.ar\/sitio\/wp-content\/uploads\/2019\/12\/Disposici\u00f3n-631-2019-Aval-Extensi\u00f3n-IFD4.pdf\">Disposici\u00f3n 631-2019 Aval Extensi\u00f3n IFD4<\/a><\/p>\n<p><a href=\"https:\/\/dgns-nqn.infd.edu.ar\/sitio\/wp-content\/uploads\/2019\/12\/Disposici\u00f3n-616-2019-Aval-Extensi\u00f3n-IFD13.pdf\">Disposici\u00f3n 616-2019 Aval Extensi\u00f3n IFD13<\/a><\/p>\n<p><a href=\"https:\/\/dgns-nqn.infd.edu.ar\/sitio\/wp-content\/uploads\/2019\/12\/Disposici\u00f3n-632-2019-Aval-Extensi\u00f3n-IFD6.pdf\">Disposici\u00f3n 632-2019 Aval Extensi\u00f3n IFD6<\/a><\/p>\n<p><a href=\"https:\/\/dgns-nqn.infd.edu.ar\/sitio\/wp-content\/uploads\/2019\/12\/Disposici\u00f3n-633-2019-Aval-Extensi\u00f3n-Co-Formaci\u00f3n-IFD6.pdf\">Disposici\u00f3n 633-2019 Aval Extensi\u00f3n Co-Formaci\u00f3n IFD6<\/a><\/p>\n<p><a href=\"https:\/\/dgns-nqn.infd.edu.ar\/sitio\/wp-content\/uploads\/2019\/12\/Disposici\u00f3n-682-2019-Aval-Extensi\u00f3n-IFD1.pdf\">Disposici\u00f3n 682-2019 Aval Extensi\u00f3n IFD1<\/a><\/p>\n<p><a href=\"https:\/\/dgns-nqn.infd.edu.ar\/sitio\/wp-content\/uploads\/2019\/12\/Disposici\u00f3n-685-2019-Aval-Extensi\u00f3n-IFD7.pdf\">Disposici\u00f3n 685-2019 Aval Extensi\u00f3n IFD7<\/a><\/p>\n<p><a href=\"https:\/\/dgns-nqn.infd.edu.ar\/sitio\/wp-content\/uploads\/2019\/12\/Disposici\u00f3n-687-2019-Aval-Extensi\u00f3n-IFD5.pdf\">Disposici\u00f3n 687-2019 Aval Extensi\u00f3n IFD5<\/a><\/p>\n<p><a href=\"https:\/\/dgns-nqn.infd.edu.ar\/sitio\/wp-content\/uploads\/2019\/12\/Disposici\u00f3n-688-2019-Aval-Extensi\u00f3n-IFD5-Co-formaci\u00f3n.pdf\">Disposici\u00f3n 688-2019 Aval Extensi\u00f3n IFD5 Co-formaci\u00f3n<\/a><\/p>\n<p><a href=\"https:\/\/dgns-nqn.infd.edu.ar\/sitio\/wp-content\/uploads\/2019\/12\/Disposici\u00f3n-916-2019-Aval-Extensi\u00f3n-IFD2.pdf\">Disposici\u00f3n 916-2019 Aval Extensi\u00f3n IFD2<\/a><\/p>\n<p><a href=\"https:\/\/dgns-nqn.infd.edu.ar\/sitio\/wp-content\/uploads\/2019\/12\/Disposici\u00f3n-921-2019-Aval-Extensi\u00f3n-IFD6.pdf\">Disposici\u00f3n 921-2019 Aval Extensi\u00f3n IFD6<\/a><\/p>\n<p><a href=\"https:\/\/dgns-nqn.infd.edu.ar\/sitio\/wp-content\/uploads\/2019\/12\/Disposici\u00f3n-926-2019-Aval-Extensi\u00f3n-IFD12.pdf\">Disposici\u00f3n 926-2019 Aval Extensi\u00f3n IFD12<\/a><\/p>\n<p><a href=\"https:\/\/dgns-nqn.infd.edu.ar\/sitio\/wp-content\/uploads\/2019\/12\/Disposici\u00f3n-928-2019-Aval-Extensi\u00f3n-IFD1-Co-formaci\u00f3n.pdf\">Disposici\u00f3n 928-2019 Aval Extensi\u00f3n IFD1 Co-formaci\u00f3n<\/a><\/p>\n<p><a href=\"https:\/\/dgns-nqn.infd.edu.ar\/sitio\/wp-content\/uploads\/2019\/12\/Disposici\u00f3n-930-2019-Aval-Extensi\u00f3n-ISFD15.pdf\">Disposici\u00f3n 930-2019 Aval Extensi\u00f3n ISFD15<\/a><\/p>\n<p><a href=\"https:\/\/dgns-nqn.infd.edu.ar\/sitio\/wp-content\/uploads\/2019\/12\/Disposici\u00f3n-932-2019-Aval-Extensi\u00f3n-IFD9.pdf\">Disposici\u00f3n 932-2019 Aval Extensi\u00f3n IFD9<\/a><\/p>\n<p><a href=\"https:\/\/dgns-nqn.infd.edu.ar\/sitio\/wp-content\/uploads\/2019\/12\/Disposici\u00f3n-934-2019-Aval-Extensi\u00f3n-IFD5.pdf\">Disposici\u00f3n 934-2019 Aval Extensi\u00f3n IFD5<\/a><\/p>\n<p><a href=\"https:\/\/dgns-nqn.infd.edu.ar\/sitio\/wp-content\/uploads\/2019\/12\/Disposici\u00f3n-939-2019-Aval-Extensi\u00f3n-IFD3.pdf\">Disposici\u00f3n 939-2019 Aval Extensi\u00f3n IFD3<\/a><\/p>\n<p><a href=\"https:\/\/dgns-nqn.infd.edu.ar\/sitio\/wp-content\/uploads\/2019\/12\/Disposici\u00f3n-940-2019-Aval-Extensi\u00f3n-IFES.pdf\">Disposici\u00f3n 940-2019 Aval Extensi\u00f3n IFES<\/a><\/p>\n<p><a href=\"https:\/\/dgns-nqn.infd.edu.ar\/sitio\/wp-content\/uploads\/2019\/12\/Disposici\u00f3n-941-2019-Aval-Extensi\u00f3n-IFD10.pdf\">Disposici\u00f3n 941-2019 Aval Extensi\u00f3n IFD10<\/a><\/p>\n<p><a href=\"https:\/\/dgns-nqn.infd.edu.ar\/sitio\/wp-content\/uploads\/2019\/12\/Disposici\u00f3n-943-2019-Aval-Extensi\u00f3n-IFD12.pdf\">Disposici\u00f3n 943-2019 Aval Extensi\u00f3n IFD12<\/a><\/p>\n<p><a href=\"https:\/\/dgns-nqn.infd.edu.ar\/sitio\/wp-content\/uploads\/2019\/12\/Disposici\u00f3n-944-2019-Aval-Extensi\u00f3n-IFD8.pdf\">Disposici\u00f3n 944-2019 Aval Extensi\u00f3n IFD8<\/a><\/p>\n<p><a href=\"https:\/\/dgns-nqn.infd.edu.ar\/sitio\/wp-content\/uploads\/2019\/12\/Disposici\u00f3n-945-2019-Aval-Extensi\u00f3n-IFD9.pdf\">Disposici\u00f3n 945-2019 Aval Extensi\u00f3n IFD9<\/a><\/p>\n<p><a href=\"https:\/\/dgns-nqn.infd.edu.ar\/sitio\/wp-content\/uploads\/2021\/06\/Disposici\u00f3n-951-2019-Aval-Extensi\u00f3n-IFD3.pdf\">Disposici\u00f3n 951-2019 Aval Extensi\u00f3n IFD3<\/a><\/p>\n<p><a href=\"https:\/\/dgns-nqn.infd.edu.ar\/sitio\/wp-content\/uploads\/2019\/12\/Disposici\u00f3n-955-2019-Aval-Extensi\u00f3n-IFD6.pdf\">Disposici\u00f3n 955-2019 Aval Extensi\u00f3n IFD6<\/a><\/p>\n<p><a href=\"https:\/\/dgns-nqn.infd.edu.ar\/sitio\/wp-content\/uploads\/2019\/12\/Disposici\u00f3n-956-2019-Aval-Investigaci\u00f3n-IFD9.pdf\">Disposici\u00f3n 956-2019 Aval Investigaci\u00f3n IFD9<\/a><\/p>\n<p><a href=\"https:\/\/dgns-nqn.infd.edu.ar\/sitio\/wp-content\/uploads\/2020\/06\/Disposici\u00f3n-958-2019-Aval-Extensi\u00f3n-IFD2.pdf\">Disposici\u00f3n 958-2019 Aval Extensi\u00f3n IFD2<\/a><\/p>\n","protected":false},"excerpt":{"rendered":"<p>Notas de Aval 2019 (Para una b\u00fasqueda m\u00e1s r\u00e1pida presione Ctrl + F e ingrese el n\u00famero de nota) Nota 206-19 Aval Extn IFD6 1-3-19 AVAL 0014 Extn IFD8 10-01-19 RECTIFICA 1771-17 Disposici\u00f3n 004-2019 Aval Extensi\u00f3n IFD9 04-02-19 Disposici\u00f3n 005-2019 Aval Extensi\u00f3n IFD6 08-02-2019 Disposici\u00f3n 009-2019 Aval Investigaci\u00f3n IFD6 20-02-19 Disposici\u00f3n 010-2019 Aval Extensi\u00f3n ESBA &#8230; <a title=\"Avales 2019\" class=\"read-more\" href=\"https:\/\/dgns-nqn.infd.edu.ar\/sitio\/extension_investigacion\/avales-2019\/\" aria-label=\"More on Avales 2019\">[+]<\/a><\/p>\n","protected":false},"author":90,"featured_media":0,"parent":979,"menu_order":0,"comment_status":"closed","ping_status":"closed","template":"","meta":[],"acf":[],"_links":{"self":[{"href":"https:\/\/dgns-nqn.infd.edu.ar\/sitio\/wp-json\/wp\/v2\/pages\/1154"}],"collection":[{"href":"https:\/\/dgns-nqn.infd.edu.ar\/sitio\/wp-json\/wp\/v2\/pages"}],"about":[{"href":"https:\/\/dgns-nqn.infd.edu.ar\/sitio\/wp-json\/wp\/v2\/types\/page"}],"author":[{"embeddable":true,"href":"https:\/\/dgns-nqn.infd.edu.ar\/sitio\/wp-json\/wp\/v2\/users\/90"}],"replies":[{"embeddable":true,"href":"https:\/\/dgns-nqn.infd.edu.ar\/sitio\/wp-json\/wp\/v2\/comments?post=1154"}],"version-history":[{"count":9,"href":"https:\/\/dgns-nqn.infd.edu.ar\/sitio\/wp-json\/wp\/v2\/pages\/1154\/revisions"}],"predecessor-version":[{"id":1413,"href":"https:\/\/dgns-nqn.infd.edu.ar\/sitio\/wp-json\/wp\/v2\/pages\/1154\/revisions\/1413"}],"up":[{"embeddable":true,"href":"https:\/\/dgns-nqn.infd.edu.ar\/sitio\/wp-json\/wp\/v2\/pages\/979"}],"wp:attachment":[{"href":"https:\/\/dgns-nqn.infd.edu.ar\/sitio\/wp-json\/wp\/v2\/media?parent=1154"}],"curies":[{"name":"wp","href":"https:\/\/api.w.org\/{rel}","templated":true}]}}