{"id":1051,"date":"2018-08-30T17:40:26","date_gmt":"2018-08-30T20:40:26","guid":{"rendered":"https:\/\/dgns-nqn.infd.edu.ar\/sitio\/notas-de-aval-2018\/"},"modified":"2019-02-14T13:58:46","modified_gmt":"2019-02-14T16:58:46","slug":"notas-de-aval-2018","status":"publish","type":"page","link":"https:\/\/dgns-nqn.infd.edu.ar\/sitio\/notas-de-aval-2018\/","title":{"rendered":"Notas de Aval 2018"},"content":{"rendered":"<p style=\"text-align: center;\"><strong>Notas de Aval 2018<\/strong><\/p>\n<p>(Para una b\u00fasqueda m\u00e1s r\u00e1pida presione Ctrl + F e ingrese el n\u00famero de nota)<\/p>\n<table style=\"width: 410px; height: 1963px;\" border=\"0\">\n<tbody>\n<tr style=\"height: 36px;\">\n<td style=\"width: 263.867px; height: 36px;\">Aval 0327\/18 ISFD 6<\/td>\n<td style=\"width: 111.133px; text-align: center; height: 36px;\"><a title=\"Aval 0327\/18 IFD 6 \" href=\"upload\/AVAL_0327_Extn_IFD6_22-03-18.pdf\" target=\"_blank\" rel=\"noopener\">Descarga<\/a><\/td>\n<\/tr>\n<tr style=\"height: 27px;\">\n<td style=\"width: 263.867px; height: 27px;\">Aval 0494\/18 IFD 13<\/td>\n<td style=\"width: 111.133px; text-align: center; height: 27px;\"><a title=\"Aval 0494\/18 IFD 13\" href=\"upload\/AVAL_0494_Extn_IFD13_16-04-18.pdf\" target=\"_blank\" rel=\"noopener\">Descarga<\/a><\/td>\n<\/tr>\n<tr style=\"height: 24px;\">\n<td style=\"width: 263.867px; height: 24px;\">Aval 0537\/18 IFD 2<\/td>\n<td style=\"width: 111.133px; text-align: center; height: 24px;\"><a title=\"Aval 0537\/18 IFD 2\" href=\"upload\/AVAL_537_Extn_IFD2_25-04-18.pdf\" target=\"_blank\" rel=\"noopener\">Descarga<\/a><\/td>\n<\/tr>\n<tr style=\"height: 30px;\">\n<td style=\"width: 263.867px; height: 30px;\">Aval 0538\/18 ESBA<\/td>\n<td style=\"width: 111.133px; text-align: center; height: 30px;\"><a title=\"Aval 0538\/18 ESBA\" href=\"upload\/AVAL_0538_Extn_ESBA_25-04-18.pdf\" target=\"_blank\" rel=\"noopener\">Descarga<\/a><\/td>\n<\/tr>\n<tr style=\"height: 36px;\">\n<td style=\"width: 263.867px; height: 36px;\">Aval 0607\/18 IFD 14<\/td>\n<td style=\"width: 111.133px; text-align: center; height: 36px;\"><a title=\"Aval 0607\/18 IFD 14\" href=\"upload\/AVAL_0607_Extn_IFD14__04-05-18.pdf\" target=\"_blank\" rel=\"noopener\">Descarga<\/a><\/td>\n<\/tr>\n<tr style=\"height: 30px;\">\n<td style=\"width: 263.867px; height: 30px;\">Aval 0608\/18 IFD 8<\/td>\n<td style=\"width: 111.133px; text-align: center; height: 30px;\"><a title=\"Aval 0608\/18 IFD 8\" href=\"upload\/AVAL_0608_Extn_IFD8__04-05-18.pdf\" target=\"_blank\" rel=\"noopener\">Descarga<\/a><\/td>\n<\/tr>\n<tr style=\"height: 27px;\">\n<td style=\"width: 263.867px; height: 27px;\">Aval 0625\/18 IFD 7<\/td>\n<td style=\"width: 111.133px; text-align: center; height: 27px;\"><a title=\"Aval 0625\/18 IFD 7\" href=\"upload\/AVAL_0625_Extn_IFD7_9-5-18.pdf\" target=\"_blank\" rel=\"noopener\">Descarga<\/a><\/td>\n<\/tr>\n<tr style=\"height: 31px;\">\n<td style=\"width: 263.867px; height: 31px;\">Aval 0672\/18 IFD 7 (Rectifica 625)<\/td>\n<td style=\"width: 111.133px; text-align: center; height: 31px;\"><a title=\"Aval 0672\/18 IFD 7\" href=\"upload\/AVAL_0672_Rectificacion_Extn_IFD7_17-5-18.pdf\" target=\"_blank\" rel=\"noopener\">Descarga<\/a><\/td>\n<\/tr>\n<tr style=\"height: 28px;\">\n<td style=\"width: 263.867px; height: 28px;\">Aval 0715\/18 IFD 10<\/td>\n<td style=\"width: 111.133px; text-align: center; height: 28px;\"><a title=\"Aval 0715\/18 IFD 10\" href=\"upload\/AVAL_0715_Extn_IFD10_28-05-18.pdf\" target=\"_blank\" rel=\"noopener\">Descarga<\/a><\/td>\n<\/tr>\n<tr style=\"height: 32px;\">\n<td style=\"width: 263.867px; height: 32px;\">Aval 0765\/18 ISFD 6<\/td>\n<td style=\"width: 111.133px; text-align: center; height: 32px;\"><a title=\"Aval 0765\/18 ISFD 6\" href=\"upload\/AVAL_0765_Extn_IFD6_1-6-18.pdf\" target=\"_blank\" rel=\"noopener\">Descarga<\/a><\/td>\n<\/tr>\n<tr style=\"height: 30px;\">\n<td style=\"width: 263.867px; height: 30px;\">Aval 0800\/18 IFD 7<\/td>\n<td style=\"width: 111.133px; text-align: center; height: 30px;\"><a title=\"Aval 0800\/18 IFD 7\" href=\"upload\/AVAL_800_Extn_IFD7_8_-_6_-_18.pdf\" target=\"_blank\" rel=\"noopener\">Descarga<\/a><\/td>\n<\/tr>\n<tr style=\"height: 24px;\">\n<td style=\"width: 263.867px; height: 24px;\">Aval 0814\/18 ESBA<\/td>\n<td style=\"width: 111.133px; text-align: center; height: 24px;\"><a title=\"Aval 0814\/18 ESBA\" href=\"upload\/AVAL_814_Extn_ESBA_11-06-18.pdf\" target=\"_blank\" rel=\"noopener\">Descarga<\/a><\/td>\n<\/tr>\n<tr style=\"height: 26px;\">\n<td style=\"width: 263.867px; height: 26px;\">Aval 0815\/18 IFD 2<\/td>\n<td style=\"width: 111.133px; text-align: center; height: 26px;\"><a title=\"Aval 0815\/18 IFD 2\" href=\"upload\/AVAL_815_Extn_IFD2_11-06-18.pdf\" target=\"_blank\" rel=\"noopener\">Descarga<\/a><\/td>\n<\/tr>\n<tr style=\"height: 28px;\">\n<td style=\"width: 263.867px; height: 28px;\">Aval 0841\/18 ISFD 6<\/td>\n<td style=\"width: 111.133px; text-align: center; height: 28px;\"><a title=\"Aval 0841\/18 ISFD 6\" href=\"upload\/AVAL_0841_Extn_IFD6_2018_15-06-18.pdf\" target=\"_blank\" rel=\"noopener\">Descarga<\/a><\/td>\n<\/tr>\n<tr style=\"height: 30px;\">\n<td style=\"width: 263.867px; height: 30px;\">Aval 0847\/18 IFD 2<\/td>\n<td style=\"width: 111.133px; text-align: center; height: 30px;\"><a title=\"Aval 0847\/18 ISFD 2\" href=\"upload\/AVAL_847_Extn_IFD2_21-06-18.pdf\" target=\"_blank\" rel=\"noopener\">Descarga<\/a><\/td>\n<\/tr>\n<tr style=\"height: 23px;\">\n<td style=\"width: 263.867px; height: 23px;\">Aval 0848\/18 IFD 3<\/td>\n<td style=\"width: 111.133px; text-align: center; height: 23px;\"><a title=\"Aval 0848\/18 IFD 3\" href=\"upload\/AVAL_848_Extn_IFD3_21-6-18.pdf\" target=\"_blank\" rel=\"noopener\">Descarga<\/a><\/td>\n<\/tr>\n<tr style=\"height: 26px;\">\n<td style=\"width: 263.867px; height: 26px;\">Aval 0889\/18 IFD 7<\/td>\n<td style=\"width: 111.133px; text-align: center; height: 26px;\"><a title=\"Aval 0889\/18 IFD 7\" href=\"upload\/AVAL_889_Extn_IFD7_22-6-18.pdf\" target=\"_blank\" rel=\"noopener\">Descarga<\/a><\/td>\n<\/tr>\n<tr style=\"height: 26px;\">\n<td style=\"width: 263.867px; height: 26px;\">Aval 0890\/18 IFD 14<\/td>\n<td style=\"width: 111.133px; text-align: center; height: 26px;\"><a title=\"Aval 0890\/18 IFD 14\" href=\"upload\/AVAL_890_Extn_IFD14_26-06-18.pdf\" target=\"_blank\" rel=\"noopener\">Descarga<\/a><\/td>\n<\/tr>\n<tr style=\"height: 24px;\">\n<td style=\"width: 263.867px; height: 24px;\">Aval 0891\/18 ISFD 6<\/td>\n<td style=\"width: 111.133px; text-align: center; height: 24px;\"><a title=\"Aval 0891\/18 ISFD 6\" href=\"upload\/AVAL_891_Extn_IFD6_26-06-18.pdf\" target=\"_blank\" rel=\"noopener\">Descarga<\/a><\/td>\n<\/tr>\n<tr style=\"height: 23px;\">\n<td style=\"width: 263.867px; height: 23px;\">Aval 1046\/18 IFD 4<\/td>\n<td style=\"width: 111.133px; text-align: center; height: 23px;\"><a title=\"Aval 1046\/18 IFD 4\" href=\"upload\/AVAL_1046_Extn_IFD4_2018_2-8-18.pdf\" target=\"_blank\" rel=\"noopener\">Descarga<\/a><\/td>\n<\/tr>\n<tr style=\"height: 22px;\">\n<td style=\"width: 263.867px; height: 22px;\">Aval 1047\/18 IFD 14 (Rectifica 607)<\/td>\n<td style=\"width: 111.133px; text-align: center; height: 22px;\"><a title=\"Aval 1047\/18 IFD 14\" href=\"upload\/AVAL_1047_Extn_IFD14_2-8-18.pdf\" target=\"_blank\" rel=\"noopener\">Descarga<\/a><\/td>\n<\/tr>\n<tr style=\"height: 21px;\">\n<td style=\"width: 263.867px; height: 21px;\">Aval 1048\/18 IFD 13<\/td>\n<td style=\"width: 111.133px; text-align: center; height: 21px;\"><a title=\"Aval 1048\/18 IFD 13\" href=\"upload\/AVAL_1048_Extn_IFD13_2-8-18.pdf\" target=\"_blank\" rel=\"noopener\">Descarga<\/a><\/td>\n<\/tr>\n<tr style=\"height: 24px;\">\n<td style=\"width: 263.867px; height: 24px;\">Aval 1056\/18 IFD 9<\/td>\n<td style=\"width: 111.133px; text-align: center; height: 24px;\"><a title=\"Aval 1056\/18 IFD 9\" href=\"upload\/AVAL_1056_Extn_IFD9_2018_3-8-18.pdf\" target=\"_blank\" rel=\"noopener\">Descarga<\/a><\/td>\n<\/tr>\n<tr style=\"height: 23px;\">\n<td style=\"width: 263.867px; height: 23px;\">Aval 1057\/18 IFD 2<\/td>\n<td style=\"width: 111.133px; text-align: center; height: 23px;\"><a title=\"Aval 1057\/18 IFD 2\" href=\"upload\/AVAL_1057_Extn_IFD2_2018_2-8-18.pdf\" target=\"_blank\" rel=\"noopener\">Descarga<\/a><\/td>\n<\/tr>\n<tr style=\"height: 25px;\">\n<td style=\"width: 263.867px; height: 25px;\">Aval 1058\/18 IFD 3<\/td>\n<td style=\"width: 111.133px; text-align: center; height: 25px;\"><a title=\"Aval 1058\/18 IFD 3\" href=\"upload\/AVAL_1058_Extn_IFD3_2018_3-8-18.pdf\" target=\"_blank\" rel=\"noopener\">Descarga<\/a><\/td>\n<\/tr>\n<tr style=\"height: 26px;\">\n<td style=\"width: 263.867px; height: 26px;\">Aval 1059\/18 ESBA<\/td>\n<td style=\"width: 111.133px; text-align: center; height: 26px;\"><a title=\"Aval 1059\/18 ESBA\" href=\"upload\/AVAL_1059_Extn_ESBA_3-8-18.pdf\" target=\"_blank\" rel=\"noopener\">Descarga<\/a><\/td>\n<\/tr>\n<tr style=\"height: 25px;\">\n<td style=\"width: 263.867px; height: 25px;\">Aval 1060\/18 ISFD 6<\/td>\n<td style=\"width: 111.133px; text-align: center; height: 25px;\"><a title=\"Aval 1060\/18 ISFD 6\" href=\"upload\/AVAL_1060_Extn_IFD6_2018_3-8-18.pdf\" target=\"_blank\" rel=\"noopener\">Descarga<\/a><\/td>\n<\/tr>\n<tr style=\"height: 22px;\">\n<td style=\"width: 263.867px; height: 22px;\">Aval 1061\/18 IFD 7<\/td>\n<td style=\"width: 111.133px; text-align: center; height: 22px;\"><a title=\"Aval 1061\/18 IFD 7\" href=\"upload\/AVAL_1061_Extn_IFD7_3-8-18.pdf\" target=\"_blank\" rel=\"noopener\">Descarga<\/a><\/td>\n<\/tr>\n<tr style=\"height: 23px;\">\n<td style=\"width: 263.867px; height: 23px;\">Aval 1130\/18 IFD 1<\/td>\n<td style=\"width: 111.133px; text-align: center; height: 23px;\"><a title=\"Aval 1130\/18 IFD 1\" href=\"upload\/AVAL_1130_Extn_IFD1_21-08-18.pdf\" target=\"_blank\" rel=\"noopener\">Descarga<\/a><\/td>\n<\/tr>\n<tr style=\"height: 13px;\">\n<td style=\"width: 263.867px; height: 13px;\">AVAL 1220 Extn IFD9 3-9-18<\/td>\n<td style=\"width: 111.133px; text-align: center; height: 13px;\"><a href=\"https:\/\/dgns-nqn.infd.edu.ar\/sitio\/wp-content\/uploads\/2018\/12\/AVAL-1220-Extn-IFD9-3-9-18.pdf\">Descarga<\/a><\/td>\n<\/tr>\n<tr style=\"height: 13px;\">\n<td style=\"width: 263.867px; height: 13px;\">AVAL 1221 Extn IFD5 03-09-18<\/td>\n<td style=\"width: 111.133px; text-align: center; height: 13px;\"><a href=\"https:\/\/dgns-nqn.infd.edu.ar\/sitio\/wp-content\/uploads\/2018\/12\/AVAL-1221-Extn-IFD5-03-09-18.pdf\">Descarga<\/a><\/td>\n<\/tr>\n<tr style=\"height: 13px;\">\n<td style=\"width: 263.867px; height: 13px;\">AVAL 1367 Extn IFD5 27-9<\/td>\n<td style=\"width: 111.133px; text-align: center; height: 13px;\"><a href=\"https:\/\/dgns-nqn.infd.edu.ar\/sitio\/wp-content\/uploads\/2018\/12\/AVAL-1367-Extn-IFD5-27-9.pdf\">Descarga<\/a><\/td>\n<\/tr>\n<tr style=\"height: 13px;\">\n<td style=\"width: 263.867px; height: 13px;\">AVAL 1371 Extn IFD12 1-10-18<\/td>\n<td style=\"width: 111.133px; text-align: center; height: 13px;\"><a href=\"https:\/\/dgns-nqn.infd.edu.ar\/sitio\/wp-content\/uploads\/2018\/12\/AVAL-1371-Extn-IFD12-1-10-18.pdf\">Descarga<\/a><\/td>\n<\/tr>\n<tr style=\"height: 13px;\">\n<td style=\"width: 263.867px; height: 13px;\">AVAL 1372 Extn IFD10 1-10-18<\/td>\n<td style=\"width: 111.133px; text-align: center; height: 13px;\"><a href=\"https:\/\/dgns-nqn.infd.edu.ar\/sitio\/wp-content\/uploads\/2018\/12\/AVAL-1372-Extn-IFD10-1-10-18.pdf\">Descarga<\/a><\/td>\n<\/tr>\n<tr style=\"height: 13px;\">\n<td style=\"width: 263.867px; height: 13px;\">AVAL 1379 Extn IFD8 2-10-18<\/td>\n<td style=\"width: 111.133px; text-align: center; height: 13px;\"><a href=\"https:\/\/dgns-nqn.infd.edu.ar\/sitio\/wp-content\/uploads\/2018\/12\/AVAL-1379-Extn-IFD8-2-10-18.pdf\">Descarga<\/a><\/td>\n<\/tr>\n<tr style=\"height: 13px;\">\n<td style=\"width: 263.867px; height: 13px;\">AVAL 1419 Extn IFD6 9-10-18<\/td>\n<td style=\"width: 111.133px; text-align: center; height: 13px;\"><a href=\"https:\/\/dgns-nqn.infd.edu.ar\/sitio\/wp-content\/uploads\/2018\/12\/AVAL-1419-Extn-IFD6-9-10-18.pdf\">Descarga<\/a><\/td>\n<\/tr>\n<tr style=\"height: 13px;\">\n<td style=\"width: 263.867px; height: 13px;\">AVAL 1435 Extn IFD9 12-10-18<\/td>\n<td style=\"width: 111.133px; text-align: center; height: 13px;\"><a href=\"https:\/\/dgns-nqn.infd.edu.ar\/sitio\/wp-content\/uploads\/2018\/12\/AVAL-1435-Extn-IFD9-12-10-18.pdf\">Descarga<\/a><\/td>\n<\/tr>\n<tr style=\"height: 13px;\">\n<td style=\"width: 263.867px; height: 13px;\">AVAL 1448 Extn IFD4 19-10-18<\/td>\n<td style=\"width: 111.133px; text-align: center; height: 13px;\"><a href=\"https:\/\/dgns-nqn.infd.edu.ar\/sitio\/extension\/notas-de-aval-2016\/\">Descarga<\/a><\/td>\n<\/tr>\n<tr style=\"height: 13px;\">\n<td style=\"width: 263.867px; height: 13px;\">AVAL 1558 Extn IFD6 5-11-18<\/td>\n<td style=\"width: 111.133px; text-align: center; height: 13px;\"><a href=\"https:\/\/dgns-nqn.infd.edu.ar\/sitio\/wp-content\/uploads\/2018\/12\/AVAL-1558-Extn-IFD6-5-11-18.pdf\">Descarga<\/a><\/td>\n<\/tr>\n<tr style=\"height: 13px;\">\n<td style=\"width: 263.867px; height: 13px;\">AVAL-1559-Extn-IFD1-9-11<\/td>\n<td style=\"width: 111.133px; text-align: center; height: 13px;\"><a href=\"https:\/\/dgns-nqn.infd.edu.ar\/sitio\/wp-content\/uploads\/2018\/12\/AVAL-1559-Extn-IFD1-9-11.pdf\">Descarga<\/a><\/td>\n<\/tr>\n<tr style=\"height: 13px;\">\n<td style=\"width: 263.867px; height: 13px;\">AVAL 1598 Extn IFD5 9-11<\/td>\n<td style=\"width: 111.133px; text-align: center; height: 13px;\"><a href=\"https:\/\/dgns-nqn.infd.edu.ar\/sitio\/wp-content\/uploads\/2018\/12\/AVAL-1598-Extn-IFD5-9-11.pdf\">Descarga<\/a><\/td>\n<\/tr>\n<tr style=\"height: 13px;\">\n<td style=\"width: 263.867px; height: 13px;\">AVAL 1600 Extn ESMN 9-11<\/td>\n<td style=\"width: 111.133px; text-align: center; height: 13px;\"><a href=\"https:\/\/dgns-nqn.infd.edu.ar\/sitio\/wp-content\/uploads\/2018\/12\/AVAL-1600-Extn-ESMN-9-11.pdf\">Descarga<\/a><\/td>\n<\/tr>\n<tr style=\"height: 13px;\">\n<td style=\"width: 263.867px; height: 13px;\">AVAL 1637 Extn IFD8 16-11-18<\/td>\n<td style=\"width: 111.133px; text-align: center; height: 13px;\"><a href=\"https:\/\/dgns-nqn.infd.edu.ar\/sitio\/wp-content\/uploads\/2018\/12\/AVAL-1637-Extn-IFD8-16-11-18.pdf\">Descarga<\/a><\/td>\n<\/tr>\n<tr style=\"height: 13px;\">\n<td style=\"width: 263.867px; height: 13px;\">AVAL 1639 Extn IFD10 16-11-18<\/td>\n<td style=\"width: 111.133px; text-align: center; height: 13px;\"><a href=\"https:\/\/dgns-nqn.infd.edu.ar\/sitio\/wp-content\/uploads\/2018\/12\/AVAL-1639-Extn-IFD10-16-11-18.pdf\">Descarga<\/a><\/td>\n<\/tr>\n<tr style=\"height: 14px;\">\n<td style=\"width: 263.867px; height: 14px;\">AVAL 1669 Extn ESMN 2018 rectifica 1600<\/td>\n<td style=\"width: 111.133px; text-align: center; height: 14px;\"><a href=\"https:\/\/dgns-nqn.infd.edu.ar\/sitio\/extension\/notas-de-aval-2016\/\">Descarga<\/a><\/td>\n<\/tr>\n<tr style=\"height: 14px;\">\n<td style=\"width: 263.867px; height: 14px;\">AVAL 1672 Extn IFD2 26-11-18<\/td>\n<td style=\"width: 111.133px; text-align: center; height: 14px;\"><a href=\"https:\/\/dgns-nqn.infd.edu.ar\/sitio\/wp-content\/uploads\/2018\/12\/AVAL-1672-Extn-IFD2-26-11-18.pdf\">Descarga<\/a><\/td>\n<\/tr>\n<tr style=\"height: 14px;\">\n<td style=\"width: 263.867px; height: 14px;\">AVAL 1676 Extn IFD13 28-11<\/td>\n<td style=\"width: 111.133px; text-align: center; height: 14px;\"><a href=\"https:\/\/dgns-nqn.infd.edu.ar\/sitio\/wp-content\/uploads\/2018\/12\/AVAL-1676-Extn-IFD13-28-11.pdf\">Descarga<\/a><\/td>\n<\/tr>\n<tr style=\"height: 14px;\">\n<td style=\"width: 263.867px; height: 14px;\">AVAL 1681 Extn IFD3 27-11-18<\/td>\n<td style=\"width: 111.133px; text-align: center; height: 14px;\"><a href=\"https:\/\/dgns-nqn.infd.edu.ar\/sitio\/wp-content\/uploads\/2018\/12\/AVAL-1681-Extn-IFD3-27-11-18.pdf\">Descarga<\/a><\/td>\n<\/tr>\n<tr style=\"height: 14px;\">\n<td style=\"width: 263.867px; height: 14px;\">AVAL 1682 Extn IFD9 27-11-18<\/td>\n<td style=\"width: 111.133px; text-align: center; height: 14px;\"><a href=\"https:\/\/dgns-nqn.infd.edu.ar\/sitio\/wp-content\/uploads\/2018\/12\/AVAL-1682-Extn-IFD9-27-11-18.pdf\">Descarga<\/a><\/td>\n<\/tr>\n<tr style=\"height: 14px;\">\n<td style=\"width: 263.867px; height: 14px;\">AVAL 1687 Extn IFD6 29-11-18<\/td>\n<td style=\"width: 111.133px; text-align: center; height: 14px;\"><a href=\"https:\/\/dgns-nqn.infd.edu.ar\/sitio\/wp-content\/uploads\/2018\/12\/AVAL-1687-Extn-IFD6-29-11-18.pdf\">Descarga<\/a><\/td>\n<\/tr>\n<tr style=\"height: 14px;\">\n<td style=\"width: 263.867px; height: 14px;\">AVAL 1691 Extn IFD3 Anexo 03-12-18<\/td>\n<td style=\"width: 111.133px; text-align: center; height: 14px;\"><a href=\"https:\/\/dgns-nqn.infd.edu.ar\/sitio\/wp-content\/uploads\/2018\/12\/AVAL-1691-Extn-IFD3-Anexo-03-12-18.pdf\">Descarga<\/a><\/td>\n<\/tr>\n<tr style=\"height: 14px;\">\n<td style=\"width: 263.867px; height: 14px;\">AVAL 1692 Extn IFD12 30-11-18<\/td>\n<td style=\"width: 111.133px; text-align: center; height: 14px;\"><a href=\"https:\/\/dgns-nqn.infd.edu.ar\/sitio\/wp-content\/uploads\/2018\/12\/AVAL-1692-Extn-IFD12-30-11-18.pdf\">Descarga<\/a><\/td>\n<\/tr>\n<tr style=\"height: 14px;\">\n<td style=\"width: 263.867px; height: 14px;\">AVAL 1706 Extn IFD11 03-12-2018<\/td>\n<td style=\"width: 111.133px; text-align: center; height: 14px;\"><a href=\"https:\/\/dgns-nqn.infd.edu.ar\/sitio\/wp-content\/uploads\/2018\/12\/AVAL-1706-Extn-IFD11-03-12-2018.pdf\">Descarga<\/a><\/td>\n<\/tr>\n<tr style=\"height: 14px;\">\n<td style=\"width: 263.867px; height: 14px;\">AVAL 1761 Extn IFD13 13-12-18 RECTIFICA 1676\/18<\/td>\n<td style=\"width: 111.133px; text-align: center; height: 14px;\"><a href=\"https:\/\/dgns-nqn.infd.edu.ar\/sitio\/wp-content\/uploads\/2019\/01\/AVAL-1761-Extn-IFD13-13-12-18-RECTIFICA.pdf\">Descarga<\/a><\/td>\n<\/tr>\n<tr style=\"height: 14px;\">\n<td style=\"width: 263.867px; height: 14px;\">AVAL 1770 Extn IFES 13-12-18<\/td>\n<td style=\"width: 111.133px; text-align: center; height: 14px;\"><a href=\"https:\/\/dgns-nqn.infd.edu.ar\/sitio\/wp-content\/uploads\/2019\/01\/AVAL-1770-Extn-IFES-13-12-18.pdf\">Descarga<\/a><\/td>\n<\/tr>\n<tr style=\"height: 14px;\">\n<td style=\"width: 263.867px; height: 14px;\">AVAL 1785 Extn IFD9 17-12-18<\/td>\n<td style=\"width: 111.133px; text-align: center; height: 14px;\"><a href=\"https:\/\/dgns-nqn.infd.edu.ar\/sitio\/wp-content\/uploads\/2019\/01\/AVAL-1785-Extn-IFD9-17-12-18.pdf\">Descarga<\/a><\/td>\n<\/tr>\n<tr style=\"height: 14px;\">\n<td style=\"width: 263.867px; height: 14px;\">AVAL 1787 Extn IFD8 17-12-18<\/td>\n<td style=\"width: 111.133px; text-align: center; height: 14px;\"><a href=\"https:\/\/dgns-nqn.infd.edu.ar\/sitio\/wp-content\/uploads\/2019\/01\/AVAL-1787-Extn-IFD8-17-12-18.pdf\">Descarga<\/a><\/td>\n<\/tr>\n<tr style=\"height: 14px;\">\n<td style=\"width: 263.867px; height: 14px;\">AVAL 1803 Extn ESBA 19-12-18<\/td>\n<td style=\"width: 111.133px; text-align: center; height: 14px;\"><a href=\"https:\/\/dgns-nqn.infd.edu.ar\/sitio\/wp-content\/uploads\/2019\/01\/AVAL-1803-Extn-ESBA-19-12-18.pdf\">Descarga<\/a><\/td>\n<\/tr>\n<tr style=\"height: 14px;\">\n<td style=\"width: 263.867px; height: 14px;\">AVAL 1804 Extn IFD1 21-12-18<\/td>\n<td style=\"width: 111.133px; text-align: center; height: 14px;\"><a href=\"https:\/\/dgns-nqn.infd.edu.ar\/sitio\/wp-content\/uploads\/2019\/01\/AVAL-1804-Extn-IFD1-21-12-18.pdf\">Descarga<\/a><\/td>\n<\/tr>\n<tr style=\"height: 14px;\">\n<td style=\"width: 263.867px; height: 14px;\">AVAL 1805 Extn ESMN 21-12-18<\/td>\n<td style=\"width: 111.133px; text-align: center; height: 14px;\"><a href=\"https:\/\/dgns-nqn.infd.edu.ar\/sitio\/wp-content\/uploads\/2019\/01\/AVAL-1805-Extn-ESMN-21-12-18.pdf\">Descarga<\/a><\/td>\n<\/tr>\n<tr style=\"height: 14px;\">\n<td style=\"width: 263.867px; height: 14px;\"><\/td>\n<td style=\"width: 111.133px; text-align: center; height: 14px;\"><\/td>\n<\/tr>\n<\/tbody>\n<\/table>\n","protected":false},"excerpt":{"rendered":"<p>Notas de Aval 2018 (Para una b\u00fasqueda m\u00e1s r\u00e1pida presione Ctrl + F e ingrese el n\u00famero de nota) Aval 0327\/18 ISFD 6 Descarga Aval 0494\/18 IFD 13 Descarga Aval 0537\/18 IFD 2 Descarga Aval 0538\/18 ESBA Descarga Aval 0607\/18 IFD 14 Descarga Aval 0608\/18 IFD 8 Descarga Aval 0625\/18 IFD 7 Descarga Aval 0672\/18 &#8230; <a title=\"Notas de Aval 2018\" class=\"read-more\" href=\"https:\/\/dgns-nqn.infd.edu.ar\/sitio\/notas-de-aval-2018\/\" aria-label=\"More on Notas de Aval 2018\">[+]<\/a><\/p>\n","protected":false},"author":90,"featured_media":0,"parent":0,"menu_order":0,"comment_status":"closed","ping_status":"closed","template":"","meta":[],"acf":[],"_links":{"self":[{"href":"https:\/\/dgns-nqn.infd.edu.ar\/sitio\/wp-json\/wp\/v2\/pages\/1051"}],"collection":[{"href":"https:\/\/dgns-nqn.infd.edu.ar\/sitio\/wp-json\/wp\/v2\/pages"}],"about":[{"href":"https:\/\/dgns-nqn.infd.edu.ar\/sitio\/wp-json\/wp\/v2\/types\/page"}],"author":[{"embeddable":true,"href":"https:\/\/dgns-nqn.infd.edu.ar\/sitio\/wp-json\/wp\/v2\/users\/90"}],"replies":[{"embeddable":true,"href":"https:\/\/dgns-nqn.infd.edu.ar\/sitio\/wp-json\/wp\/v2\/comments?post=1051"}],"version-history":[{"count":5,"href":"https:\/\/dgns-nqn.infd.edu.ar\/sitio\/wp-json\/wp\/v2\/pages\/1051\/revisions"}],"predecessor-version":[{"id":1143,"href":"https:\/\/dgns-nqn.infd.edu.ar\/sitio\/wp-json\/wp\/v2\/pages\/1051\/revisions\/1143"}],"wp:attachment":[{"href":"https:\/\/dgns-nqn.infd.edu.ar\/sitio\/wp-json\/wp\/v2\/media?parent=1051"}],"curies":[{"name":"wp","href":"https:\/\/api.w.org\/{rel}","templated":true}]}}